{"id":16,"date":"2025-09-11T16:44:09","date_gmt":"2025-09-11T16:44:09","guid":{"rendered":"https:\/\/bakeryblisscafejennifer.com\/?page_id=16"},"modified":"2025-10-18T10:50:33","modified_gmt":"2025-10-18T10:50:33","slug":"contact","status":"publish","type":"page","link":"https:\/\/bakeryblisscafejennifer.com\/en\/contact\/","title":{"rendered":"Contact"},"content":{"rendered":"<div data-elementor-type=\"wp-page\" data-elementor-id=\"16\" class=\"elementor elementor-16\">\n\t\t\t\t<div class=\"elementor-element elementor-element-7543ab4 e-con-full e-flex e-con e-parent\" data-id=\"7543ab4\" data-element_type=\"container\" data-e-type=\"container\" data-settings=\"{&quot;background_background&quot;:&quot;classic&quot;}\">\n\t\t<div class=\"elementor-element elementor-element-6db8fe0 e-flex e-con-boxed e-con e-child\" data-id=\"6db8fe0\" data-element_type=\"container\" data-e-type=\"container\">\n\t\t\t\t\t<div class=\"e-con-inner\">\n\t\t<div class=\"elementor-element elementor-element-a5e3c7a e-con-full e-flex e-con e-child\" data-id=\"a5e3c7a\" data-element_type=\"container\" data-e-type=\"container\">\n\t\t\t\t<div class=\"elementor-element elementor-element-34895cb super-vanilla elementor-invisible elementor-widget elementor-widget-heading\" data-id=\"34895cb\" data-element_type=\"widget\" data-e-type=\"widget\" data-settings=\"{&quot;_animation&quot;:&quot;zoomInDown&quot;}\" data-widget_type=\"heading.default\">\n\t\t\t\t\t<h1 class=\"elementor-heading-title elementor-size-default\">Contact us<\/h1>\t\t\t\t<\/div>\n\t\t\t\t<div class=\"elementor-element elementor-element-2b82895 elementor-invisible elementor-widget elementor-widget-text-editor\" data-id=\"2b82895\" data-element_type=\"widget\" data-e-type=\"widget\" data-settings=\"{&quot;_animation&quot;:&quot;fadeIn&quot;,&quot;_animation_delay&quot;:100}\" data-widget_type=\"text-editor.default\">\n\t\t\t\t\t\t\t\t\t<p>Would you like to find out more about our donuts, coffees and smoothies or book a table in our cosy coffee shop? Contact Bakery Bliss Caf\u00e9 today! We'll be happy to answer your questions, take your special orders or prepare for your next visit.<\/p>\t\t\t\t\t\t\t\t<\/div>\n\t\t\t\t<\/div>\n\t\t<div class=\"elementor-element elementor-element-a61be65 e-con-full elementor-hidden-tablet elementor-hidden-mobile e-flex e-con e-child\" data-id=\"a61be65\" data-element_type=\"container\" data-e-type=\"container\">\n\t\t\t\t<\/div>\n\t\t\t\t\t<\/div>\n\t\t\t\t<\/div>\n\t\t<div class=\"elementor-element elementor-element-8754b20 e-con-full e-flex e-con e-child\" data-id=\"8754b20\" data-element_type=\"container\" data-e-type=\"container\">\n\t\t<div class=\"elementor-element elementor-element-664c5eb e-con-full e-flex elementor-invisible e-con e-child\" data-id=\"664c5eb\" data-element_type=\"container\" data-e-type=\"container\" data-settings=\"{&quot;animation&quot;:&quot;fadeIn&quot;,&quot;animation_delay&quot;:100}\">\n\t\t\t\t<div class=\"elementor-element elementor-element-ce744a0 elementor-widget elementor-widget-heading\" data-id=\"ce744a0\" data-element_type=\"widget\" data-e-type=\"widget\" data-widget_type=\"heading.default\">\n\t\t\t\t\t<h2 class=\"elementor-heading-title elementor-size-default\">Our contact details<\/h2>\t\t\t\t<\/div>\n\t\t\t\t<div class=\"elementor-element elementor-element-808effd elementor-widget elementor-widget-text-editor\" data-id=\"808effd\" data-element_type=\"widget\" data-e-type=\"widget\" data-widget_type=\"text-editor.default\">\n\t\t\t\t\t\t\t\t\t<h3><span style=\"white-space-collapse: preserve;\">Bakery Bliss Caf\u00e9<\/span><\/h3>\n<p><span style=\"white-space-collapse: preserve;\">12 Rue du Port-Vieux<\/span><\/p>\n<p><span style=\"white-space-collapse: preserve;\">64200 Biarritz, France<\/span><\/p>\n<p><span style=\"white-space-collapse: preserve;\">Telephone: +33 5 59 47 12 34<\/span><\/p>\n<p><span style=\"white-space-collapse: preserve;\">Email : contact@bakeryblisscafe.fr<\/span><\/p>\t\t\t\t\t\t\t\t<\/div>\n\t\t\t\t<div class=\"elementor-element elementor-element-2fd2ed0 elementor-widget elementor-widget-heading\" data-id=\"2fd2ed0\" data-element_type=\"widget\" data-e-type=\"widget\" data-widget_type=\"heading.default\">\n\t\t\t\t\t<h2 class=\"elementor-heading-title elementor-size-default\">Opening hours - Bakery Bliss Caf\u00e9<\/h2>\t\t\t\t<\/div>\n\t\t\t\t<div class=\"elementor-element elementor-element-d41214d elementor-widget elementor-widget-text-editor\" data-id=\"d41214d\" data-element_type=\"widget\" data-e-type=\"widget\" data-widget_type=\"text-editor.default\">\n\t\t\t\t\t\t\t\t\t<p data-start=\"206\" data-end=\"247\"><strong data-start=\"206\" data-end=\"217\">Monday :<\/strong> Closed (rest &amp; preparation)<\/p><p data-start=\"250\" data-end=\"288\"><strong data-start=\"250\" data-end=\"272\">Tuesday - Friday :<\/strong> 08h00 - 19h00<\/p><p data-start=\"291\" data-end=\"319\"><strong data-start=\"291\" data-end=\"303\">Saturday:<\/strong> 09h00 - 20h00<\/p><p data-start=\"322\" data-end=\"352\"><strong data-start=\"322\" data-end=\"336\">Sunday:<\/strong> 09h00 - 18h00<\/p>\t\t\t\t\t\t\t\t<\/div>\n\t\t\t\t<\/div>\n\t\t<div class=\"elementor-element elementor-element-653c10e e-con-full e-flex elementor-invisible e-con e-child\" data-id=\"653c10e\" data-element_type=\"container\" data-e-type=\"container\" data-settings=\"{&quot;animation&quot;:&quot;fadeIn&quot;,&quot;animation_delay&quot;:100}\">\n\t\t\t\t<div class=\"elementor-element elementor-element-aef74af elementor-widget-tablet__width-inherit elementor-widget elementor-widget-google_maps\" data-id=\"aef74af\" data-element_type=\"widget\" data-e-type=\"widget\" data-widget_type=\"google_maps.default\">\n\t\t\t\t\t\t\t<div class=\"elementor-custom-embed\">\n\t\t\t<iframe loading=\"lazy\"\n\t\t\t\t\tsrc=\"https:\/\/maps.google.com\/maps?q=Rue%20du%20Port-Vieux%E2%80%A864200%20Biarritz%2C%20France&#038;t=m&#038;z=17&#038;output=embed&#038;iwloc=near\"\n\t\t\t\t\ttitle=\"Rue du Port-Vieux 64200 Biarritz, France\"\n\t\t\t\t\taria-label=\"Rue du Port-Vieux 64200 Biarritz, France\"\n\t\t\t><\/iframe>\n\t\t<\/div>\n\t\t\t\t\t\t<\/div>\n\t\t\t\t<\/div>\n\t\t\t\t<\/div>\n\t\t<div class=\"elementor-element elementor-element-98ee79f e-flex e-con-boxed e-con e-child\" data-id=\"98ee79f\" data-element_type=\"container\" data-e-type=\"container\">\n\t\t\t\t\t<div class=\"e-con-inner\">\n\t\t\t\t<div class=\"elementor-element elementor-element-0f2a7d7 elementor-widget__width-initial elementor-invisible elementor-widget elementor-widget-text-editor\" data-id=\"0f2a7d7\" data-element_type=\"widget\" data-e-type=\"widget\" data-settings=\"{&quot;_animation&quot;:&quot;fadeIn&quot;,&quot;_animation_delay&quot;:100}\" data-widget_type=\"text-editor.default\">\n\t\t\t\t\t\t\t\t\t<p>So you can reach us easily, whether it's just for information or to organise a gourmet moment with friends.<\/p>\n<p>We'll be delighted to welcome you, whether for a quick gourmet break or a longer relaxing moment.<\/p>\t\t\t\t\t\t\t\t<\/div>\n\t\t\t\t\t<\/div>\n\t\t\t\t<\/div>\n\t\t\t\t<\/div>\n\t\t<div class=\"elementor-element elementor-element-052a953 e-con-full e-flex e-con e-parent\" data-id=\"052a953\" data-element_type=\"container\" data-e-type=\"container\" data-settings=\"{&quot;background_background&quot;:&quot;classic&quot;,&quot;shape_divider_top&quot;:&quot;split&quot;}\">\n\t\t\t\t<div class=\"elementor-shape elementor-shape-top\" aria-hidden=\"true\" data-negative=\"false\">\n\t\t\t<svg xmlns=\"http:\/\/www.w3.org\/2000\/svg\" viewbox=\"0 0 1000 20\" preserveaspectratio=\"none\">\n\t<path class=\"elementor-shape-fill\" d=\"M0,0v3c0,0,393.8,0,483.4,0c9.2,0,16.6,7.4,16.6,16.6c0-9.1,7.4-16.6,16.6-16.6C606.2,3,1000,3,1000,3V0H0z\"\/>\n<\/svg>\t\t<\/div>\n\t\t\t\t<div class=\"elementor-element elementor-element-24e3590 elementor-invisible elementor-widget elementor-widget-heading\" data-id=\"24e3590\" data-element_type=\"widget\" data-e-type=\"widget\" data-settings=\"{&quot;_animation&quot;:&quot;fadeIn&quot;,&quot;_animation_delay&quot;:100}\" data-widget_type=\"heading.default\">\n\t\t\t\t\t<h2 class=\"elementor-heading-title elementor-size-default\">Contact us at<\/h2>\t\t\t\t<\/div>\n\t\t<div class=\"elementor-element elementor-element-3ff098d e-flex e-con-boxed e-con e-child\" data-id=\"3ff098d\" data-element_type=\"container\" data-e-type=\"container\">\n\t\t\t\t\t<div class=\"e-con-inner\">\n\t\t\t\t<div class=\"elementor-element elementor-element-15ba4c9 elementor-widget-mobile__width-initial elementor-invisible elementor-widget elementor-widget-text-editor\" data-id=\"15ba4c9\" data-element_type=\"widget\" data-e-type=\"widget\" data-settings=\"{&quot;_animation&quot;:&quot;fadeIn&quot;,&quot;_animation_delay&quot;:100}\" data-widget_type=\"text-editor.default\">\n\t\t\t\t\t\t\t\t\t<p data-start=\"915\" data-end=\"1021\">Please fill in the form below for all enquiries:<\/p><ul data-start=\"1022\" data-end=\"1206\"><li data-start=\"1022\" data-end=\"1062\"><p data-start=\"1024\" data-end=\"1062\">Order personalised donuts<\/p><\/li><li data-start=\"1063\" data-end=\"1117\"><p data-start=\"1065\" data-end=\"1117\">Information about our coffees and hot drinks<\/p><\/li><li data-start=\"1118\" data-end=\"1175\"><p data-start=\"1120\" data-end=\"1175\">Details of our fresh, fruity smoothies<\/p><\/li><li data-start=\"1176\" data-end=\"1206\"><p data-start=\"1178\" data-end=\"1206\">Reservations or events<\/p><\/li><\/ul><p data-start=\"1208\" data-end=\"1287\">What's more, we promise to get back to you as quickly as possible.<\/p>\t\t\t\t\t\t\t\t<\/div>\n\t\t\t\t\t<\/div>\n\t\t\t\t<\/div>\n\t\t<div class=\"elementor-element elementor-element-d2c4113 e-flex e-con-boxed e-con e-child\" data-id=\"d2c4113\" data-element_type=\"container\" data-e-type=\"container\">\n\t\t\t\t\t<div class=\"e-con-inner\">\n\t\t\t\t<div class=\"elementor-element elementor-element-e60b3fd elementor-invisible elementor-widget elementor-widget-shortcode\" data-id=\"e60b3fd\" data-element_type=\"widget\" data-e-type=\"widget\" data-settings=\"{&quot;_animation&quot;:&quot;fadeIn&quot;,&quot;_animation_delay&quot;:200}\" data-widget_type=\"shortcode.default\">\n\t\t\t\t\t\t\t<div class=\"elementor-shortcode\">\n<div class=\"wpcf7 no-js\" id=\"wpcf7-f6-o1\" lang=\"fr-FR\" dir=\"ltr\" data-wpcf7-id=\"6\">\n<div class=\"screen-reader-response\"><p role=\"status\" aria-live=\"polite\" aria-atomic=\"true\"><\/p> <ul><\/ul><\/div>\n<form action=\"\/en\/wp-json\/wp\/v2\/pages\/16#wpcf7-f6-o1\" method=\"post\" class=\"wpcf7-form init\" aria-label=\"Formulaire de contact\" novalidate=\"novalidate\" data-status=\"init\" data-trp-original-action=\"\/en\/wp-json\/wp\/v2\/pages\/16#wpcf7-f6-o1\">\n<fieldset class=\"hidden-fields-container\"><input type=\"hidden\" name=\"_wpcf7\" value=\"6\" \/><input type=\"hidden\" name=\"_wpcf7_version\" value=\"6.1.5\" \/><input type=\"hidden\" name=\"_wpcf7_locale\" value=\"fr_FR\" \/><input type=\"hidden\" name=\"_wpcf7_unit_tag\" value=\"wpcf7-f6-o1\" \/><input type=\"hidden\" name=\"_wpcf7_container_post\" value=\"0\" \/><input type=\"hidden\" name=\"_wpcf7_posted_data_hash\" value=\"\" \/>\n<\/fieldset>\n<div class=\"container_names\">\n\t<div class=\"div_name\">\n\t\t<p class=\"cf7-field field_name\"><br \/>\n<label for=\"your-name\">NAME<\/label>\n\t\t<\/p>\n\t\t<p><span class=\"wpcf7-form-control-wrap\" data-name=\"your-name\"><input size=\"40\" maxlength=\"400\" class=\"wpcf7-form-control wpcf7-text wpcf7-validates-as-required cf7-input\" id=\"your-name\" aria-required=\"true\" aria-invalid=\"false\" value=\"\" type=\"text\" name=\"your-name\" \/><\/span>\n\t\t<\/p>\n\t<\/div>\n\t<div class=\"div_firstname\">\n\t\t<p class=\"cf7-field field_firstname\"><br \/>\n<label for=\"your-firstname\">FIRST NAME<\/label>\n\t\t<\/p>\n\t\t<p><span class=\"wpcf7-form-control-wrap\" data-name=\"your-firstname\"><input size=\"40\" maxlength=\"400\" class=\"wpcf7-form-control wpcf7-text wpcf7-validates-as-required cf7-input\" id=\"your-firstname\" aria-required=\"true\" aria-invalid=\"false\" value=\"\" type=\"text\" name=\"your-firstname\" \/><\/span>\n\t\t<\/p>\n\t<\/div>\n<\/div>\n<p class=\"cf7-field field_email\"><br \/>\n<label for=\"your-email\">EMAIL<\/label>\n<\/p>\n<p><span class=\"wpcf7-form-control-wrap\" data-name=\"your-email\"><input size=\"40\" maxlength=\"400\" class=\"wpcf7-form-control wpcf7-email wpcf7-validates-as-required wpcf7-text wpcf7-validates-as-email cf7-input\" id=\"your-email\" aria-required=\"true\" aria-invalid=\"false\" value=\"\" type=\"email\" name=\"your-email\" \/><\/span>\n<\/p>\n<p class=\"cf7-field field_phone\"><br \/>\n<label for=\"your-phone\">PHONE<\/label>\n<\/p>\n<p><span class=\"wpcf7-form-control-wrap\" data-name=\"your-phone\"><input size=\"40\" maxlength=\"400\" class=\"wpcf7-form-control wpcf7-text cf7-input\" id=\"your-phone\" aria-invalid=\"false\" value=\"\" type=\"text\" name=\"your-phone\" \/><\/span>\n<\/p>\n<p class=\"cf7-field_message\"><br \/>\n<label for=\"your-message\">YOUR MESSAGE<\/label>\n<\/p>\n<p><span class=\"wpcf7-form-control-wrap\" data-name=\"your-message\"><textarea cols=\"40\" rows=\"10\" maxlength=\"2000\" class=\"wpcf7-form-control wpcf7-textarea cf7-textarea\" id=\"your-message\" aria-invalid=\"false\" name=\"your-message\"><\/textarea><\/span>\n<\/p>\n<p class=\"cf7-submit\"><br \/>\n<input class=\"wpcf7-form-control wpcf7-submit has-spinner cf7-button\" type=\"submit\" value=\"Send\" \/>\n<\/p><div class=\"wpcf7-response-output\" aria-hidden=\"true\"><\/div>\n<input type=\"hidden\" name=\"trp-form-language\" value=\"en\"\/><\/form>\n<\/div>\n<\/div>\n\t\t\t\t\t\t<\/div>\n\t\t\t\t\t<\/div>\n\t\t\t\t<\/div>\n\t\t\t\t<\/div>\n\t\t\t\t<\/div>","protected":false},"excerpt":{"rendered":"<p>Contactez-nous Vous souhaitez en savoir plus sur nos donuts, caf\u00e9s et smoothies ou r\u00e9server une table dans notre coffee shop [&hellip;]<\/p>\n","protected":false},"author":1,"featured_media":0,"parent":0,"menu_order":0,"comment_status":"closed","ping_status":"closed","template":"","meta":{"site-sidebar-layout":"no-sidebar","site-content-layout":"","ast-site-content-layout":"full-width-container","site-content-style":"default","site-sidebar-style":"default","ast-global-header-display":"","ast-banner-title-visibility":"","ast-main-header-display":"","ast-hfb-above-header-display":"","ast-hfb-below-header-display":"","ast-hfb-mobile-header-display":"","site-post-title":"disabled","ast-breadcrumbs-content":"","ast-featured-img":"disabled","footer-sml-layout":"","theme-transparent-header-meta":"","adv-header-id-meta":"","stick-header-meta":"","header-above-stick-meta":"","header-main-stick-meta":"","header-below-stick-meta":"","astra-migrate-meta-layouts":"default","ast-page-background-enabled":"default","ast-page-background-meta":{"desktop":{"background-color":"var(--ast-global-color-5)","background-image":"","background-repeat":"repeat","background-position":"center center","background-size":"auto","background-attachment":"scroll","background-type":"","background-media":"","overlay-type":"","overlay-color":"","overlay-opacity":"","overlay-gradient":""},"tablet":{"background-color":"","background-image":"","background-repeat":"repeat","background-position":"center center","background-size":"auto","background-attachment":"scroll","background-type":"","background-media":"","overlay-type":"","overlay-color":"","overlay-opacity":"","overlay-gradient":""},"mobile":{"background-color":"","background-image":"","background-repeat":"repeat","background-position":"center center","background-size":"auto","background-attachment":"scroll","background-type":"","background-media":"","overlay-type":"","overlay-color":"","overlay-opacity":"","overlay-gradient":""}},"ast-content-background-meta":{"desktop":{"background-color":"var(--ast-global-color-4)","background-image":"","background-repeat":"repeat","background-position":"center center","background-size":"auto","background-attachment":"scroll","background-type":"","background-media":"","overlay-type":"","overlay-color":"","overlay-opacity":"","overlay-gradient":""},"tablet":{"background-color":"var(--ast-global-color-4)","background-image":"","background-repeat":"repeat","background-position":"center center","background-size":"auto","background-attachment":"scroll","background-type":"","background-media":"","overlay-type":"","overlay-color":"","overlay-opacity":"","overlay-gradient":""},"mobile":{"background-color":"var(--ast-global-color-4)","background-image":"","background-repeat":"repeat","background-position":"center center","background-size":"auto","background-attachment":"scroll","background-type":"","background-media":"","overlay-type":"","overlay-color":"","overlay-opacity":"","overlay-gradient":""}},"footnotes":""},"class_list":["post-16","page","type-page","status-publish","hentry"],"yoast_head":"<!-- This site is optimized with the Yoast SEO plugin v27.1.1 - https:\/\/yoast.com\/product\/yoast-seo-wordpress\/ -->\n<title>Contact - Bakery Bliss Cafe - Joindre le Bakery Bliss Caf\u00e9 | Horaires et Adresse<\/title>\n<meta name=\"description\" content=\"Besoin d\u2019infos sur le Bakery Bliss Caf\u00e9 ? Retrouvez nos coordonn\u00e9es, adresse et horaires et formulaire de contact\" \/>\n<meta name=\"robots\" content=\"index, follow, max-snippet:-1, max-image-preview:large, max-video-preview:-1\" \/>\n<link rel=\"canonical\" href=\"https:\/\/bakeryblisscafejennifer.com\/en\/contact\/\" \/>\n<meta property=\"og:locale\" content=\"en_GB\" \/>\n<meta property=\"og:type\" content=\"article\" \/>\n<meta property=\"og:title\" content=\"Contact - Bakery Bliss Cafe - Joindre le Bakery Bliss Caf\u00e9 | Horaires et Adresse\" \/>\n<meta property=\"og:description\" content=\"Besoin d\u2019infos sur le Bakery Bliss Caf\u00e9 ? Retrouvez nos coordonn\u00e9es, adresse et horaires et formulaire de contact\" \/>\n<meta property=\"og:url\" content=\"https:\/\/bakeryblisscafejennifer.com\/en\/contact\/\" \/>\n<meta property=\"og:site_name\" content=\"Bakery Bliss Cafe\" \/>\n<meta property=\"article:modified_time\" content=\"2025-10-18T10:50:33+00:00\" \/>\n<meta name=\"twitter:card\" content=\"summary_large_image\" \/>\n<meta name=\"twitter:label1\" content=\"Estimated reading time\" \/>\n\t<meta name=\"twitter:data1\" content=\"1 minute\" \/>\n<script type=\"application\/ld+json\" class=\"yoast-schema-graph\">{\"@context\":\"https:\/\/schema.org\",\"@graph\":[{\"@type\":\"WebPage\",\"@id\":\"https:\/\/bakeryblisscafejennifer.com\/contact\/\",\"url\":\"https:\/\/bakeryblisscafejennifer.com\/contact\/\",\"name\":\"Contact - Bakery Bliss Cafe - Joindre le Bakery Bliss Caf\u00e9 | Horaires et Adresse\",\"isPartOf\":{\"@id\":\"https:\/\/bakeryblisscafejennifer.com\/#website\"},\"datePublished\":\"2025-09-11T16:44:09+00:00\",\"dateModified\":\"2025-10-18T10:50:33+00:00\",\"description\":\"Besoin d\u2019infos sur le Bakery Bliss Caf\u00e9 ? Retrouvez nos coordonn\u00e9es, adresse et horaires et formulaire de contact\",\"breadcrumb\":{\"@id\":\"https:\/\/bakeryblisscafejennifer.com\/contact\/#breadcrumb\"},\"inLanguage\":\"en-GB\",\"potentialAction\":[{\"@type\":\"ReadAction\",\"target\":[\"https:\/\/bakeryblisscafejennifer.com\/contact\/\"]}]},{\"@type\":\"BreadcrumbList\",\"@id\":\"https:\/\/bakeryblisscafejennifer.com\/contact\/#breadcrumb\",\"itemListElement\":[{\"@type\":\"ListItem\",\"position\":1,\"name\":\"Home\",\"item\":\"https:\/\/bakeryblisscafejennifer.com\/\"},{\"@type\":\"ListItem\",\"position\":2,\"name\":\"Contact\"}]},{\"@type\":\"WebSite\",\"@id\":\"https:\/\/bakeryblisscafejennifer.com\/#website\",\"url\":\"https:\/\/bakeryblisscafejennifer.com\/\",\"name\":\"Bakery Bliss Cafe\",\"description\":\"Authenticit\u00e9, convivialit\u00e9 &amp; gourmandise au c\u0153ur du Pays Basque.\",\"publisher\":{\"@id\":\"https:\/\/bakeryblisscafejennifer.com\/#organization\"},\"potentialAction\":[{\"@type\":\"SearchAction\",\"target\":{\"@type\":\"EntryPoint\",\"urlTemplate\":\"https:\/\/bakeryblisscafejennifer.com\/?s={search_term_string}\"},\"query-input\":{\"@type\":\"PropertyValueSpecification\",\"valueRequired\":true,\"valueName\":\"search_term_string\"}}],\"inLanguage\":\"en-GB\"},{\"@type\":\"Organization\",\"@id\":\"https:\/\/bakeryblisscafejennifer.com\/#organization\",\"name\":\"Bakery Bliss Cafe\",\"url\":\"https:\/\/bakeryblisscafejennifer.com\/\",\"logo\":{\"@type\":\"ImageObject\",\"inLanguage\":\"en-GB\",\"@id\":\"https:\/\/bakeryblisscafejennifer.com\/#\/schema\/logo\/image\/\",\"url\":\"https:\/\/bakeryblisscafejennifer.com\/wp-content\/uploads\/2025\/10\/logo_principal_vectorise.svg\",\"contentUrl\":\"https:\/\/bakeryblisscafejennifer.com\/wp-content\/uploads\/2025\/10\/logo_principal_vectorise.svg\",\"width\":1000,\"height\":1000,\"caption\":\"Bakery Bliss Cafe\"},\"image\":{\"@id\":\"https:\/\/bakeryblisscafejennifer.com\/#\/schema\/logo\/image\/\"}}]}<\/script>\n<!-- \/ Yoast SEO plugin. -->","yoast_head_json":{"title":"Contact - Bakery Bliss Cafe - Joindre le Bakery Bliss Caf\u00e9 | Horaires et Adresse","description":"Besoin d\u2019infos sur le Bakery Bliss Caf\u00e9 ? Retrouvez nos coordonn\u00e9es, adresse et horaires et formulaire de contact","robots":{"index":"index","follow":"follow","max-snippet":"max-snippet:-1","max-image-preview":"max-image-preview:large","max-video-preview":"max-video-preview:-1"},"canonical":"https:\/\/bakeryblisscafejennifer.com\/en\/contact\/","og_locale":"en_GB","og_type":"article","og_title":"Contact - Bakery Bliss Cafe - Joindre le Bakery Bliss Caf\u00e9 | Horaires et Adresse","og_description":"Besoin d\u2019infos sur le Bakery Bliss Caf\u00e9 ? Retrouvez nos coordonn\u00e9es, adresse et horaires et formulaire de contact","og_url":"https:\/\/bakeryblisscafejennifer.com\/en\/contact\/","og_site_name":"Bakery Bliss Cafe","article_modified_time":"2025-10-18T10:50:33+00:00","twitter_card":"summary_large_image","twitter_misc":{"Estimated reading time":"1 minute"},"schema":{"@context":"https:\/\/schema.org","@graph":[{"@type":"WebPage","@id":"https:\/\/bakeryblisscafejennifer.com\/contact\/","url":"https:\/\/bakeryblisscafejennifer.com\/contact\/","name":"Contact - Bakery Bliss Cafe - Joindre le Bakery Bliss Caf\u00e9 | Horaires et Adresse","isPartOf":{"@id":"https:\/\/bakeryblisscafejennifer.com\/#website"},"datePublished":"2025-09-11T16:44:09+00:00","dateModified":"2025-10-18T10:50:33+00:00","description":"Besoin d\u2019infos sur le Bakery Bliss Caf\u00e9 ? Retrouvez nos coordonn\u00e9es, adresse et horaires et formulaire de contact","breadcrumb":{"@id":"https:\/\/bakeryblisscafejennifer.com\/contact\/#breadcrumb"},"inLanguage":"en-GB","potentialAction":[{"@type":"ReadAction","target":["https:\/\/bakeryblisscafejennifer.com\/contact\/"]}]},{"@type":"BreadcrumbList","@id":"https:\/\/bakeryblisscafejennifer.com\/contact\/#breadcrumb","itemListElement":[{"@type":"ListItem","position":1,"name":"Home","item":"https:\/\/bakeryblisscafejennifer.com\/"},{"@type":"ListItem","position":2,"name":"Contact"}]},{"@type":"WebSite","@id":"https:\/\/bakeryblisscafejennifer.com\/#website","url":"https:\/\/bakeryblisscafejennifer.com\/","name":"Bakery Bliss Cafe","description":"Authenticit\u00e9, convivialit\u00e9 &amp; gourmandise au c\u0153ur du Pays Basque.","publisher":{"@id":"https:\/\/bakeryblisscafejennifer.com\/#organization"},"potentialAction":[{"@type":"SearchAction","target":{"@type":"EntryPoint","urlTemplate":"https:\/\/bakeryblisscafejennifer.com\/?s={search_term_string}"},"query-input":{"@type":"PropertyValueSpecification","valueRequired":true,"valueName":"search_term_string"}}],"inLanguage":"en-GB"},{"@type":"Organization","@id":"https:\/\/bakeryblisscafejennifer.com\/#organization","name":"Bakery Bliss Cafe","url":"https:\/\/bakeryblisscafejennifer.com\/","logo":{"@type":"ImageObject","inLanguage":"en-GB","@id":"https:\/\/bakeryblisscafejennifer.com\/#\/schema\/logo\/image\/","url":"https:\/\/bakeryblisscafejennifer.com\/wp-content\/uploads\/2025\/10\/logo_principal_vectorise.svg","contentUrl":"https:\/\/bakeryblisscafejennifer.com\/wp-content\/uploads\/2025\/10\/logo_principal_vectorise.svg","width":1000,"height":1000,"caption":"Bakery Bliss Cafe"},"image":{"@id":"https:\/\/bakeryblisscafejennifer.com\/#\/schema\/logo\/image\/"}}]}},"_links":{"self":[{"href":"https:\/\/bakeryblisscafejennifer.com\/en\/wp-json\/wp\/v2\/pages\/16","targetHints":{"allow":["GET"]}}],"collection":[{"href":"https:\/\/bakeryblisscafejennifer.com\/en\/wp-json\/wp\/v2\/pages"}],"about":[{"href":"https:\/\/bakeryblisscafejennifer.com\/en\/wp-json\/wp\/v2\/types\/page"}],"author":[{"embeddable":true,"href":"https:\/\/bakeryblisscafejennifer.com\/en\/wp-json\/wp\/v2\/users\/1"}],"replies":[{"embeddable":true,"href":"https:\/\/bakeryblisscafejennifer.com\/en\/wp-json\/wp\/v2\/comments?post=16"}],"version-history":[{"count":112,"href":"https:\/\/bakeryblisscafejennifer.com\/en\/wp-json\/wp\/v2\/pages\/16\/revisions"}],"predecessor-version":[{"id":2081,"href":"https:\/\/bakeryblisscafejennifer.com\/en\/wp-json\/wp\/v2\/pages\/16\/revisions\/2081"}],"wp:attachment":[{"href":"https:\/\/bakeryblisscafejennifer.com\/en\/wp-json\/wp\/v2\/media?parent=16"}],"curies":[{"name":"wp","href":"https:\/\/api.w.org\/{rel}","templated":true}]}}