{"id":558,"date":"2025-09-16T01:10:59","date_gmt":"2025-09-16T01:10:59","guid":{"rendered":"https:\/\/bakeryblisscafejennifer.com\/?page_id=558"},"modified":"2025-10-19T18:34:50","modified_gmt":"2025-10-19T18:34:50","slug":"mentions-legales","status":"publish","type":"page","link":"https:\/\/bakeryblisscafejennifer.com\/en\/mentions-legales\/","title":{"rendered":"Legal information"},"content":{"rendered":"<div data-elementor-type=\"wp-page\" data-elementor-id=\"558\" class=\"elementor elementor-558\">\n\t\t\t\t<div class=\"elementor-element elementor-element-f15a613 e-flex e-con-boxed e-con e-parent\" data-id=\"f15a613\" data-element_type=\"container\" data-e-type=\"container\">\n\t\t\t\t\t<div class=\"e-con-inner\">\n\t\t\t\t<div class=\"elementor-element elementor-element-53cb663 super-vanilla elementor-widget elementor-widget-heading\" data-id=\"53cb663\" data-element_type=\"widget\" data-e-type=\"widget\" data-widget_type=\"heading.default\">\n\t\t\t\t\t<h1 class=\"elementor-heading-title elementor-size-default\">Legal information - Bakery Bliss Caf\u00e9<\/h1>\t\t\t\t<\/div>\n\t\t\t\t\t<\/div>\n\t\t\t\t<\/div>\n\t\t<div class=\"elementor-element elementor-element-d5d96a3 e-flex e-con-boxed e-con e-parent\" data-id=\"d5d96a3\" data-element_type=\"container\" data-e-type=\"container\">\n\t\t\t\t\t<div class=\"e-con-inner\">\n\t\t\t\t<div class=\"elementor-element elementor-element-d4883e2 elementor-widget elementor-widget-spacer\" data-id=\"d4883e2\" data-element_type=\"widget\" data-e-type=\"widget\" data-widget_type=\"spacer.default\">\n\t\t\t\t\t\t\t<div class=\"elementor-spacer\">\n\t\t\t<div class=\"elementor-spacer-inner\"><\/div>\n\t\t<\/div>\n\t\t\t\t\t\t<\/div>\n\t\t\t\t<div class=\"elementor-element elementor-element-9181010 elementor-widget elementor-widget-text-editor\" data-id=\"9181010\" data-element_type=\"widget\" data-e-type=\"widget\" data-widget_type=\"text-editor.default\">\n\t\t\t\t\t\t\t\t\t<p data-start=\"250\" data-end=\"497\"><b>Publisher <span data-start=\"250\" data-end=\"271\">of the site :<\/span><\/b><br data-start=\"271\" data-end=\"274\">Bakery Bliss Caf\u00e9<br data-start=\"291\" data-end=\"294\">Address:&nbsp;<span style=\"white-space-collapse: preserve;\">12 Rue du Port-Vieux 64200 Biarritz, France<\/span><br data-start=\"366\" data-end=\"369\">Telephone :&nbsp;<span style=\"white-space-collapse: preserve;\">+33 5 59 47 12 34<\/span><\/p>\n<p data-start=\"250\" data-end=\"497\">Email :&nbsp;<span style=\"white-space-collapse: preserve;\">contact@bakeryblisscafe.fr<\/span><br data-start=\"418\" data-end=\"421\">SIRET: 1234567890123456<br data-start=\"442\" data-end=\"445\">Director of publication: Mrs&nbsp;<span style=\"white-space-collapse: preserve;\">Sophie Durand<\/span><\/p>\n<p data-start=\"499\" data-end=\"675\"><strong data-start=\"499\" data-end=\"516\">&nbsp;<\/strong><\/p>\n<p data-start=\"499\" data-end=\"675\"><strong data-start=\"499\" data-end=\"516\">Accommodation :<\/strong><br data-start=\"516\" data-end=\"519\">The site is hosted by : Ionos<br data-start=\"565\" data-end=\"568\">Address: Elgendorfer Str. 57 <span style=\"font-family: 'Helvetica Neue'; font-size: 13px;\">&nbsp;<\/span>56410 Montabaur Germany<\/p>\n<p data-start=\"499\" data-end=\"675\">Telephone: 0970 808 911<br data-start=\"638\" data-end=\"641\">Website :&nbsp;<span style=\"border: 0px; font-variant-numeric: inherit; font-variant-east-asian: inherit; font-variant-alternates: inherit; font-variant-position: inherit; font-variant-emoji: inherit; font-stretch: inherit; font-size: 14px; line-height: inherit; font-family: OpenSansRegular, arial, 'arial narrow', sans-serif; font-optical-sizing: inherit; font-size-adjust: inherit; font-kerning: inherit; font-feature-settings: inherit; font-variation-settings: inherit; vertical-align: initial; color: #001b41; background-color: #dbedf8;\"> https:\/\/<\/span><span style=\"border: 0px; font-variant-numeric: inherit; font-variant-east-asian: inherit; font-variant-alternates: inherit; font-variant-position: inherit; font-variant-emoji: inherit; font-stretch: inherit; font-size: 14px; line-height: inherit; font-family: OpenSansRegular, arial, 'arial narrow', sans-serif; font-optical-sizing: inherit; font-size-adjust: inherit; font-kerning: inherit; font-feature-settings: inherit; font-variation-settings: inherit; vertical-align: initial; color: #001b41; background-color: #dbedf8;\" data-testid=\"text--domain-name\">bakeryblisscafejennifer.com<\/span><\/p>\n<p data-start=\"677\" data-end=\"975\"><strong data-start=\"677\" data-end=\"707\">&nbsp;<\/strong><\/p>\n<p data-start=\"677\" data-end=\"975\"><strong data-start=\"677\" data-end=\"707\">Intellectual property :<\/strong><br data-start=\"707\" data-end=\"710\">All content on this site (text, images, logos, videos, graphics) is the exclusive property of Bakery Bliss Caf\u00e9 or its partners. Any reproduction, representation, modification or use without written authorisation is prohibited.<\/p>\n<p data-start=\"977\" data-end=\"1366\"><strong data-start=\"977\" data-end=\"1003\">&nbsp;<\/strong><\/p>\n<p data-start=\"977\" data-end=\"1366\"><strong data-start=\"977\" data-end=\"1003\">Personal data:<\/strong><br data-start=\"1003\" data-end=\"1006\">The information collected via the site is intended solely for Bakery Bliss Caf\u00e9 to process your requests or orders. In accordance with the Data Protection Act and the RGPD, you have the right to access, rectify and delete your personal data. You can exercise this right by contacting :&nbsp;<span style=\"white-space-collapse: preserve;\">contact@bakeryblisscafe.fr<\/span>.<\/p>\n<p data-start=\"1368\" data-end=\"1526\"><strong data-start=\"1368\" data-end=\"1381\">&nbsp;<\/strong><\/p>\n<p data-start=\"1368\" data-end=\"1526\"><strong data-start=\"1368\" data-end=\"1381\">Cookies :<\/strong><br data-start=\"1381\" data-end=\"1384\">The site may use cookies to improve the user experience. You can configure your browser to refuse cookies.<\/p>\n<p data-start=\"1528\" data-end=\"1792\"><strong data-start=\"1528\" data-end=\"1548\">Responsibility :<\/strong><br data-start=\"1548\" data-end=\"1551\">Bakery Bliss Caf\u00e9 makes every effort to ensure the accuracy of the information on the site. However, the publisher cannot be held responsible for any errors or omissions. Use of the site is at the user's own risk.<\/p>\n<p data-start=\"1794\" data-end=\"1958\"><strong data-start=\"1794\" data-end=\"1814\">&nbsp;<\/strong><\/p>\n<p data-start=\"1794\" data-end=\"1958\"><strong data-start=\"1794\" data-end=\"1814\">External links :<\/strong><br data-start=\"1814\" data-end=\"1817\">The site may contain links to other sites. Bakery Bliss Caf\u00e9 accepts no responsibility for the content of these external sites.<\/p>\n<p data-start=\"1960\" data-end=\"2136\"><strong data-start=\"1960\" data-end=\"1980\">Applicable law :<\/strong><br data-start=\"1980\" data-end=\"1983\">This legal notice is governed by French law. Any dispute relating to the use of the site shall be referred to the competent French courts.<\/p>\n<p data-start=\"1960\" data-end=\"2136\"><strong>Credits :<\/strong><\/p>\n<p data-start=\"1960\" data-end=\"2136\">Some of the images on this site have been generated by artificial intelligence (Canva).<\/p>\t\t\t\t\t\t\t\t<\/div>\n\t\t\t\t\t<\/div>\n\t\t\t\t<\/div>\n\t\t\t\t<\/div>","protected":false},"excerpt":{"rendered":"<p>Mentions l\u00e9gales \u2013 Bakery Bliss Caf\u00e9 \u00c9diteur du site :Bakery Bliss Caf\u00e9Adresse :&nbsp;12 Rue du Port-Vieux\u202864200 Biarritz, FranceT\u00e9l\u00e9phone :&nbsp;+33 5 [&hellip;]<\/p>\n","protected":false},"author":1,"featured_media":0,"parent":0,"menu_order":0,"comment_status":"closed","ping_status":"closed","template":"","meta":{"site-sidebar-layout":"no-sidebar","site-content-layout":"","ast-site-content-layout":"full-width-container","site-content-style":"default","site-sidebar-style":"default","ast-global-header-display":"","ast-banner-title-visibility":"","ast-main-header-display":"","ast-hfb-above-header-display":"","ast-hfb-below-header-display":"","ast-hfb-mobile-header-display":"","site-post-title":"","ast-breadcrumbs-content":"","ast-featured-img":"disabled","footer-sml-layout":"","theme-transparent-header-meta":"","adv-header-id-meta":"","stick-header-meta":"","header-above-stick-meta":"","header-main-stick-meta":"","header-below-stick-meta":"","astra-migrate-meta-layouts":"default","ast-page-background-enabled":"default","ast-page-background-meta":{"desktop":{"background-color":"var(--ast-global-color-5)","background-image":"","background-repeat":"repeat","background-position":"center center","background-size":"auto","background-attachment":"scroll","background-type":"","background-media":"","overlay-type":"","overlay-color":"","overlay-opacity":"","overlay-gradient":""},"tablet":{"background-color":"","background-image":"","background-repeat":"repeat","background-position":"center center","background-size":"auto","background-attachment":"scroll","background-type":"","background-media":"","overlay-type":"","overlay-color":"","overlay-opacity":"","overlay-gradient":""},"mobile":{"background-color":"","background-image":"","background-repeat":"repeat","background-position":"center center","background-size":"auto","background-attachment":"scroll","background-type":"","background-media":"","overlay-type":"","overlay-color":"","overlay-opacity":"","overlay-gradient":""}},"ast-content-background-meta":{"desktop":{"background-color":"var(--ast-global-color-4)","background-image":"","background-repeat":"repeat","background-position":"center center","background-size":"auto","background-attachment":"scroll","background-type":"","background-media":"","overlay-type":"","overlay-color":"","overlay-opacity":"","overlay-gradient":""},"tablet":{"background-color":"var(--ast-global-color-4)","background-image":"","background-repeat":"repeat","background-position":"center center","background-size":"auto","background-attachment":"scroll","background-type":"","background-media":"","overlay-type":"","overlay-color":"","overlay-opacity":"","overlay-gradient":""},"mobile":{"background-color":"var(--ast-global-color-4)","background-image":"","background-repeat":"repeat","background-position":"center center","background-size":"auto","background-attachment":"scroll","background-type":"","background-media":"","overlay-type":"","overlay-color":"","overlay-opacity":"","overlay-gradient":""}},"footnotes":""},"class_list":["post-558","page","type-page","status-publish","hentry"],"yoast_head":"<!-- This site is optimized with the Yoast SEO plugin v27.1.1 - https:\/\/yoast.com\/product\/yoast-seo-wordpress\/ -->\n<title>Mentions l\u00e9gales - Bakery Bliss Cafe<\/title>\n<meta name=\"robots\" content=\"index, follow, max-snippet:-1, max-image-preview:large, max-video-preview:-1\" \/>\n<link rel=\"canonical\" href=\"https:\/\/bakeryblisscafejennifer.com\/en\/mentions-legales\/\" \/>\n<meta property=\"og:locale\" content=\"en_GB\" \/>\n<meta property=\"og:type\" content=\"article\" \/>\n<meta property=\"og:title\" content=\"Mentions l\u00e9gales - Bakery Bliss Cafe\" \/>\n<meta property=\"og:description\" content=\"Mentions l\u00e9gales \u2013 Bakery Bliss Caf\u00e9 \u00c9diteur du site :Bakery Bliss Caf\u00e9Adresse :&nbsp;12 Rue du Port-Vieux\u202864200 Biarritz, FranceT\u00e9l\u00e9phone :&nbsp;+33 5 [&hellip;]\" \/>\n<meta property=\"og:url\" content=\"https:\/\/bakeryblisscafejennifer.com\/en\/mentions-legales\/\" \/>\n<meta property=\"og:site_name\" content=\"Bakery Bliss Cafe\" \/>\n<meta property=\"article:modified_time\" content=\"2025-10-19T18:34:50+00:00\" \/>\n<meta name=\"twitter:card\" content=\"summary_large_image\" \/>\n<meta name=\"twitter:label1\" content=\"Estimated reading time\" \/>\n\t<meta name=\"twitter:data1\" content=\"2 minutes\" \/>\n<script type=\"application\/ld+json\" class=\"yoast-schema-graph\">{\"@context\":\"https:\/\/schema.org\",\"@graph\":[{\"@type\":\"WebPage\",\"@id\":\"https:\/\/bakeryblisscafejennifer.com\/mentions-legales\/\",\"url\":\"https:\/\/bakeryblisscafejennifer.com\/mentions-legales\/\",\"name\":\"Mentions l\u00e9gales - Bakery Bliss Cafe\",\"isPartOf\":{\"@id\":\"https:\/\/bakeryblisscafejennifer.com\/#website\"},\"datePublished\":\"2025-09-16T01:10:59+00:00\",\"dateModified\":\"2025-10-19T18:34:50+00:00\",\"breadcrumb\":{\"@id\":\"https:\/\/bakeryblisscafejennifer.com\/mentions-legales\/#breadcrumb\"},\"inLanguage\":\"en-GB\",\"potentialAction\":[{\"@type\":\"ReadAction\",\"target\":[\"https:\/\/bakeryblisscafejennifer.com\/mentions-legales\/\"]}]},{\"@type\":\"BreadcrumbList\",\"@id\":\"https:\/\/bakeryblisscafejennifer.com\/mentions-legales\/#breadcrumb\",\"itemListElement\":[{\"@type\":\"ListItem\",\"position\":1,\"name\":\"Home\",\"item\":\"https:\/\/bakeryblisscafejennifer.com\/\"},{\"@type\":\"ListItem\",\"position\":2,\"name\":\"Mentions l\u00e9gales\"}]},{\"@type\":\"WebSite\",\"@id\":\"https:\/\/bakeryblisscafejennifer.com\/#website\",\"url\":\"https:\/\/bakeryblisscafejennifer.com\/\",\"name\":\"Bakery Bliss Cafe\",\"description\":\"Authenticit\u00e9, convivialit\u00e9 &amp; gourmandise au c\u0153ur du Pays Basque.\",\"publisher\":{\"@id\":\"https:\/\/bakeryblisscafejennifer.com\/#organization\"},\"potentialAction\":[{\"@type\":\"SearchAction\",\"target\":{\"@type\":\"EntryPoint\",\"urlTemplate\":\"https:\/\/bakeryblisscafejennifer.com\/?s={search_term_string}\"},\"query-input\":{\"@type\":\"PropertyValueSpecification\",\"valueRequired\":true,\"valueName\":\"search_term_string\"}}],\"inLanguage\":\"en-GB\"},{\"@type\":\"Organization\",\"@id\":\"https:\/\/bakeryblisscafejennifer.com\/#organization\",\"name\":\"Bakery Bliss Cafe\",\"url\":\"https:\/\/bakeryblisscafejennifer.com\/\",\"logo\":{\"@type\":\"ImageObject\",\"inLanguage\":\"en-GB\",\"@id\":\"https:\/\/bakeryblisscafejennifer.com\/#\/schema\/logo\/image\/\",\"url\":\"https:\/\/bakeryblisscafejennifer.com\/wp-content\/uploads\/2025\/10\/logo_principal_vectorise.svg\",\"contentUrl\":\"https:\/\/bakeryblisscafejennifer.com\/wp-content\/uploads\/2025\/10\/logo_principal_vectorise.svg\",\"width\":1000,\"height\":1000,\"caption\":\"Bakery Bliss Cafe\"},\"image\":{\"@id\":\"https:\/\/bakeryblisscafejennifer.com\/#\/schema\/logo\/image\/\"}}]}<\/script>\n<!-- \/ Yoast SEO plugin. -->","yoast_head_json":{"title":"Mentions l\u00e9gales - Bakery Bliss Cafe","robots":{"index":"index","follow":"follow","max-snippet":"max-snippet:-1","max-image-preview":"max-image-preview:large","max-video-preview":"max-video-preview:-1"},"canonical":"https:\/\/bakeryblisscafejennifer.com\/en\/mentions-legales\/","og_locale":"en_GB","og_type":"article","og_title":"Mentions l\u00e9gales - Bakery Bliss Cafe","og_description":"Mentions l\u00e9gales \u2013 Bakery Bliss Caf\u00e9 \u00c9diteur du site :Bakery Bliss Caf\u00e9Adresse :&nbsp;12 Rue du Port-Vieux\u202864200 Biarritz, FranceT\u00e9l\u00e9phone :&nbsp;+33 5 [&hellip;]","og_url":"https:\/\/bakeryblisscafejennifer.com\/en\/mentions-legales\/","og_site_name":"Bakery Bliss Cafe","article_modified_time":"2025-10-19T18:34:50+00:00","twitter_card":"summary_large_image","twitter_misc":{"Estimated reading time":"2 minutes"},"schema":{"@context":"https:\/\/schema.org","@graph":[{"@type":"WebPage","@id":"https:\/\/bakeryblisscafejennifer.com\/mentions-legales\/","url":"https:\/\/bakeryblisscafejennifer.com\/mentions-legales\/","name":"Mentions l\u00e9gales - Bakery Bliss Cafe","isPartOf":{"@id":"https:\/\/bakeryblisscafejennifer.com\/#website"},"datePublished":"2025-09-16T01:10:59+00:00","dateModified":"2025-10-19T18:34:50+00:00","breadcrumb":{"@id":"https:\/\/bakeryblisscafejennifer.com\/mentions-legales\/#breadcrumb"},"inLanguage":"en-GB","potentialAction":[{"@type":"ReadAction","target":["https:\/\/bakeryblisscafejennifer.com\/mentions-legales\/"]}]},{"@type":"BreadcrumbList","@id":"https:\/\/bakeryblisscafejennifer.com\/mentions-legales\/#breadcrumb","itemListElement":[{"@type":"ListItem","position":1,"name":"Home","item":"https:\/\/bakeryblisscafejennifer.com\/"},{"@type":"ListItem","position":2,"name":"Mentions l\u00e9gales"}]},{"@type":"WebSite","@id":"https:\/\/bakeryblisscafejennifer.com\/#website","url":"https:\/\/bakeryblisscafejennifer.com\/","name":"Bakery Bliss Cafe","description":"Authenticit\u00e9, convivialit\u00e9 &amp; gourmandise au c\u0153ur du Pays Basque.","publisher":{"@id":"https:\/\/bakeryblisscafejennifer.com\/#organization"},"potentialAction":[{"@type":"SearchAction","target":{"@type":"EntryPoint","urlTemplate":"https:\/\/bakeryblisscafejennifer.com\/?s={search_term_string}"},"query-input":{"@type":"PropertyValueSpecification","valueRequired":true,"valueName":"search_term_string"}}],"inLanguage":"en-GB"},{"@type":"Organization","@id":"https:\/\/bakeryblisscafejennifer.com\/#organization","name":"Bakery Bliss Cafe","url":"https:\/\/bakeryblisscafejennifer.com\/","logo":{"@type":"ImageObject","inLanguage":"en-GB","@id":"https:\/\/bakeryblisscafejennifer.com\/#\/schema\/logo\/image\/","url":"https:\/\/bakeryblisscafejennifer.com\/wp-content\/uploads\/2025\/10\/logo_principal_vectorise.svg","contentUrl":"https:\/\/bakeryblisscafejennifer.com\/wp-content\/uploads\/2025\/10\/logo_principal_vectorise.svg","width":1000,"height":1000,"caption":"Bakery Bliss Cafe"},"image":{"@id":"https:\/\/bakeryblisscafejennifer.com\/#\/schema\/logo\/image\/"}}]}},"_links":{"self":[{"href":"https:\/\/bakeryblisscafejennifer.com\/en\/wp-json\/wp\/v2\/pages\/558","targetHints":{"allow":["GET"]}}],"collection":[{"href":"https:\/\/bakeryblisscafejennifer.com\/en\/wp-json\/wp\/v2\/pages"}],"about":[{"href":"https:\/\/bakeryblisscafejennifer.com\/en\/wp-json\/wp\/v2\/types\/page"}],"author":[{"embeddable":true,"href":"https:\/\/bakeryblisscafejennifer.com\/en\/wp-json\/wp\/v2\/users\/1"}],"replies":[{"embeddable":true,"href":"https:\/\/bakeryblisscafejennifer.com\/en\/wp-json\/wp\/v2\/comments?post=558"}],"version-history":[{"count":13,"href":"https:\/\/bakeryblisscafejennifer.com\/en\/wp-json\/wp\/v2\/pages\/558\/revisions"}],"predecessor-version":[{"id":2122,"href":"https:\/\/bakeryblisscafejennifer.com\/en\/wp-json\/wp\/v2\/pages\/558\/revisions\/2122"}],"wp:attachment":[{"href":"https:\/\/bakeryblisscafejennifer.com\/en\/wp-json\/wp\/v2\/media?parent=558"}],"curies":[{"name":"wp","href":"https:\/\/api.w.org\/{rel}","templated":true}]}}